{"id":24055,"date":"2020-12-10T10:23:50","date_gmt":"2020-12-10T09:23:50","guid":{"rendered":"https:\/\/templed.de\/imprint\/"},"modified":"2024-06-04T09:54:15","modified_gmt":"2024-06-04T07:54:15","slug":"imprint","status":"publish","type":"page","link":"https:\/\/templed.de\/en\/imprint\/","title":{"rendered":"Imprint"},"content":{"rendered":"\t\t<div data-elementor-type=\"wp-page\" data-elementor-id=\"24055\" class=\"elementor elementor-24055 elementor-9306\" data-elementor-post-type=\"page\">\n\t\t\t\t\t\t<section class=\"elementor-section elementor-top-section elementor-element elementor-element-0539160 elementor-section-height-min-height elementor-section-full_width elementor-section-height-default elementor-section-items-middle\" data-id=\"0539160\" data-element_type=\"section\" data-e-type=\"section\" data-settings=\"{&quot;background_background&quot;:&quot;classic&quot;}\">\n\t\t\t\t\t\t\t<div class=\"elementor-background-overlay\"><\/div>\n\t\t\t\t\t\t\t<div class=\"elementor-container elementor-column-gap-default\">\n\t\t\t\t\t<div class=\"elementor-column elementor-col-100 elementor-top-column elementor-element elementor-element-56f1f69\" data-id=\"56f1f69\" data-element_type=\"column\" data-e-type=\"column\">\n\t\t\t<div class=\"elementor-widget-wrap elementor-element-populated\">\n\t\t\t\t\t\t<div class=\"elementor-element elementor-element-4c1ff63 elementor-invisible elementor-widget elementor-widget-heading\" data-id=\"4c1ff63\" data-element_type=\"widget\" data-e-type=\"widget\" data-settings=\"{&quot;_animation&quot;:&quot;zoomIn&quot;}\" data-widget_type=\"heading.default\">\n\t\t\t\t<div class=\"elementor-widget-container\">\n\t\t\t\t\t<h1 class=\"elementor-heading-title elementor-size-default\">Imprint<\/h1>\t\t\t\t<\/div>\n\t\t\t\t<\/div>\n\t\t\t\t\t<\/div>\n\t\t<\/div>\n\t\t\t\t\t<\/div>\n\t\t<\/section>\n\t\t\t\t<section class=\"elementor-section elementor-top-section elementor-element elementor-element-c5542cb elementor-section-boxed elementor-section-height-default elementor-section-height-default\" data-id=\"c5542cb\" data-element_type=\"section\" data-e-type=\"section\" data-settings=\"{&quot;background_background&quot;:&quot;classic&quot;}\">\n\t\t\t\t\t\t<div class=\"elementor-container elementor-column-gap-default\">\n\t\t\t\t\t<div class=\"elementor-column elementor-col-100 elementor-top-column elementor-element elementor-element-fc21d8f\" data-id=\"fc21d8f\" data-element_type=\"column\" data-e-type=\"column\">\n\t\t\t<div class=\"elementor-widget-wrap elementor-element-populated\">\n\t\t\t\t\t\t<div class=\"elementor-element elementor-element-2c1aca2 elementor-widget elementor-widget-text-editor\" data-id=\"2c1aca2\" data-element_type=\"widget\" data-e-type=\"widget\" data-widget_type=\"text-editor.default\">\n\t\t\t\t<div class=\"elementor-widget-container\">\n\t\t\t\t\t\t\t\t\t<h4>Information pursuant to Sect. 5 German Telemedia Act (TMG)<\/h4><p>tempLED GmbH<br \/>Kaiserreich Stra\u00dfe 4<br \/>83088 Kiefersfelden<\/p><p>Commercial Register: HRB 25179<br \/>Registration court: Handelsregister Traunstein B<\/p><h4>Represented by:<\/h4><p>Gesch\u00e4ftsf\u00fchrer: Anton Huber, MSc | Anton M. Huber, MSc | Matthias Haberzettl<br \/>Prokurist: David Semen, MSc<\/p><h4>Contact<\/h4><p>Phone: <a href=\"tel:004980333025710\">+49.8033.3025-710<\/a><br \/>Telefax: +49.8033.3025-711<br \/>E-mail: <a href=\"&#109;&#x61;&#x69;&#108;&#x74;&#x6f;:&#x69;&#x6e;f&#111;&#x40;t&#101;&#x6d;p&#108;&#x65;d&#46;&#x64;e\">&#x69;&#110;f&#x6f;&#64;t&#x65;&#109;p&#x6c;&#101;d&#x2e;&#100;e<\/a><\/p><h4>VAT ID<\/h4><p>Sales tax identification number according to Sect. 27 a of the Sales Tax Law:<br \/>DE 306081538<\/p><p>EORI-Nr. DE 734929246355280<br \/>WEEE-Reg.- Nr. DE 26163456<\/p><h4>Person responsible for editorial<\/h4><p>Anton M. Huber, MSc<br \/>Kaiserreich Stra\u00dfe 4<br \/>83088 Kiefersfelden<br \/>Deutschland<\/p><h4>EU dispute resolution<\/h4><p>The European Commission provides a platform for online dispute resolution (ODR):\u00a0<a href=\"https:\/\/ec.europa.eu\/consumers\/odr\/\" target=\"_blank\" rel=\"noopener\">https:\/\/ec.europa.eu\/consumers\/odr\/<\/a>.<br \/>Our e-mail address can be found above in the site notice.<\/p><p>Dispute resolution proceedings in front of a consumer arbitration board<br \/>We are not willing or obliged to participate in dispute resolution proceedings in front of a consumer arbitration board.<span style=\"color: #ffffff;\"><a style=\"color: #ffffff;\" href=\"https:\/\/bflow.at\/\" target=\"_blank\" rel=\"noopener\">bFlow Webdesign<\/a><\/span><\/p>\t\t\t\t\t\t\t\t<\/div>\n\t\t\t\t<\/div>\n\t\t\t\t<div class=\"elementor-element elementor-element-27d7fa9 elementor-hidden-desktop elementor-hidden-tablet elementor-hidden-phone elementor-widget elementor-widget-text-editor\" data-id=\"27d7fa9\" data-element_type=\"widget\" data-e-type=\"widget\" data-widget_type=\"text-editor.default\">\n\t\t\t\t<div class=\"elementor-widget-container\">\n\t\t\t\t\t\t\t\t\t<p><strong>tempLED GmbH<\/strong><\/p>\n<p>Marmorwerkstr. 52<br \/>83088 Kiefersfelden<br \/>Deutschland<\/p>\n<p><a href=\"&#109;&#x61;&#105;&#x6c;&#116;&#x6f;&#58;&#x69;&#110;&#x66;&#111;&#x40;t&#x65;m&#x70;l&#x65;d&#x2e;d&#x65;\">&#105;&#x6e;f&#x6f;&#64;&#116;&#x65;&#109;&#x70;l&#101;&#x64;&#46;&#x64;e<\/a><\/p>\n<p><strong>Gesch\u00e4ftsf\u00fchrer:<\/strong> Anton Huber, MSc | Anton M. Huber, MSc<br \/><strong>Prokurist:<\/strong> David Semen, MSc<\/p>\n<p>Tel.: <a href=\"tel:004980333025710\">+49.8033.3025-710<\/a><br \/>Fax: +49.8033.3025-711<\/p>\n<p>Amtsgericht Rosenheim<br \/>Handelsregister Traunstein B HRB 25179<br \/>USt-IdNr. DE 306081538<br \/>EORI-Nr. DE 734929246355280<br \/>WEEE-Reg.-Nr. DE 26163456<\/p>\n<p>Konzeption, Webdesign und Umsetzung<br \/><span style=\"color: #ffffff;\"><a style=\"color: #ffffff;\" href=\"https:\/\/bflow.at\/\" target=\"_blank\" rel=\"noopener\">bFlow Webdesign<\/a><\/span><\/p>\n\t\t\t\t\t\t\t\t<\/div>\n\t\t\t\t<\/div>\n\t\t\t\t<div class=\"elementor-element elementor-element-e46de57 elementor-hidden-desktop elementor-hidden-tablet elementor-hidden-phone elementor-widget elementor-widget-text-editor\" data-id=\"e46de57\" data-element_type=\"widget\" data-e-type=\"widget\" data-widget_type=\"text-editor.default\">\n\t\t\t\t<div class=\"elementor-widget-container\">\n\t\t\t\t\t\t\t\t\t<h3>Disclaimer<\/h3>\n<p><strong>Haftung f\u00fcr Inhalte<br \/><\/strong>Als Diensteanbieter sind wir gem\u00e4\u00df \u00a7 7 Abs.1 TMG f\u00fcr eigene Inhalte auf diesen Seiten nach den allgemeinen Gesetzen verantwortlich. Nach \u00a7\u00a7 8 bis 10 TMG sind wir als Diensteanbieter jedoch nicht verpflichtet, \u00fcbermittelte oder gespeicherte fremde Informationen zu \u00fcberwachen oder nach Umst\u00e4nden zu forschen, die auf eine rechtswidrige T\u00e4tigkeit hinweisen. Verpflichtungen zur Entfernung oder Sperrung der Nutzung von Informationen nach den allgemeinen Gesetzen bleiben hiervon unber\u00fchrt. Eine diesbez\u00fcgliche Haftung ist jedoch erst ab dem Zeitpunkt der Kenntnis einer konkreten Rechtsverletzung m\u00f6glich. Bei Bekanntwerden von entsprechenden Rechtsverletzungen werden wir diese Inhalte umgehend entfernen.<\/p>\n<p><strong>Haftung f\u00fcr Links<br \/><\/strong>Unser Angebot enth\u00e4lt Links zu externen Webseiten Dritter, auf deren Inhalte wir keinen Einfluss haben. Deshalb k\u00f6nnen wir f\u00fcr diese fremden Inhalte auch keine Gew\u00e4hr \u00fcbernehmen. F\u00fcr die Inhalte der verlinkten Seiten ist stets der jeweilige Anbieter oder Betreiber der Seiten verantwortlich. Die verlinkten Seiten wurden zum Zeitpunkt der Verlinkung auf m\u00f6gliche Rechtsverst\u00f6\u00dfe \u00fcberpr\u00fcft. Rechtswidrige Inhalte waren zum Zeitpunkt der Verlinkung nicht erkennbar. Eine permanente inhaltliche Kontrolle der verlinkten Seiten ist jedoch ohne konkrete Anhaltspunkte einer Rechtsverletzung nicht zumutbar. Bei Bekanntwerden von Rechtsverletzungen werden wir derartige Links umgehend entfernen.<\/p>\n<p><strong>Urheberrecht<br \/><\/strong>Die durch die Seitenbetreiber erstellten Inhalte und Werke auf diesen Seiten unterliegen dem deutschen Urheberrecht. Die Vervielf\u00e4ltigung, Bearbeitung, Verbreitung und jede Art der Verwertung au\u00dferhalb der Grenzen des Urheberrechtes bed\u00fcrfen der schriftlichen Zustimmung des jeweiligen Autors bzw. Erstellers. Downloads und Kopien dieser Seite sind nur f\u00fcr den privaten, nicht kommerziellen Gebrauch gestattet. Soweit die Inhalte auf dieser Seite nicht vom Betreiber erstellt wurden, werden die Urheberrechte Dritter beachtet. Insbesondere werden Inhalte Dritter als solche gekennzeichnet. Sollten Sie trotzdem auf eine Urheberrechtsverletzung aufmerksam werden, bitten wir um einen entsprechenden Hinweis. Bei Bekanntwerden von Rechtsverletzungen werden wir derartige Inhalte umgehend entfernen.<\/p>\n\t\t\t\t\t\t\t\t<\/div>\n\t\t\t\t<\/div>\n\t\t\t\t\t<\/div>\n\t\t<\/div>\n\t\t\t\t\t<\/div>\n\t\t<\/section>\n\t\t\t\t<section class=\"elementor-section elementor-top-section elementor-element elementor-element-b8e44d4 elementor-section-full_width elementor-section-height-default elementor-section-height-default\" data-id=\"b8e44d4\" data-element_type=\"section\" data-e-type=\"section\" data-settings=\"{&quot;background_background&quot;:&quot;classic&quot;}\">\n\t\t\t\t\t\t<div class=\"elementor-container elementor-column-gap-default\">\n\t\t\t\t\t<div class=\"elementor-column elementor-col-100 elementor-top-column elementor-element elementor-element-b727fe7\" data-id=\"b727fe7\" data-element_type=\"column\" data-e-type=\"column\" data-settings=\"{&quot;motion_fx_motion_fx_scrolling&quot;:&quot;yes&quot;,&quot;motion_fx_opacity_effect&quot;:&quot;yes&quot;,&quot;motion_fx_opacity_range&quot;:{&quot;unit&quot;:&quot;%&quot;,&quot;size&quot;:&quot;&quot;,&quot;sizes&quot;:{&quot;start&quot;:21,&quot;end&quot;:52}},&quot;motion_fx_scale_effect&quot;:&quot;yes&quot;,&quot;motion_fx_scale_speed&quot;:{&quot;unit&quot;:&quot;px&quot;,&quot;size&quot;:2,&quot;sizes&quot;:[]},&quot;motion_fx_opacity_direction&quot;:&quot;out-in&quot;,&quot;motion_fx_opacity_level&quot;:{&quot;unit&quot;:&quot;px&quot;,&quot;size&quot;:10,&quot;sizes&quot;:[]},&quot;motion_fx_scale_direction&quot;:&quot;out-in&quot;,&quot;motion_fx_scale_range&quot;:{&quot;unit&quot;:&quot;%&quot;,&quot;size&quot;:&quot;&quot;,&quot;sizes&quot;:{&quot;start&quot;:20,&quot;end&quot;:80}},&quot;motion_fx_devices&quot;:[&quot;desktop&quot;,&quot;tablet&quot;,&quot;mobile&quot;]}\">\n\t\t\t<div class=\"elementor-widget-wrap elementor-element-populated\">\n\t\t\t\t\t\t<div class=\"elementor-element elementor-element-fb1bb9e elementor-widget elementor-widget-heading\" data-id=\"fb1bb9e\" data-element_type=\"widget\" data-e-type=\"widget\" data-widget_type=\"heading.default\">\n\t\t\t\t<div class=\"elementor-widget-container\">\n\t\t\t\t\t<div class=\"elementor-heading-title elementor-size-default\"><a href=\"https:\/\/templed.de\/en\/about-us\/\">tempLED<\/a><\/div>\t\t\t\t<\/div>\n\t\t\t\t<\/div>\n\t\t\t\t<div class=\"elementor-element elementor-element-ba8943e elementor-invisible elementor-widget elementor-widget-heading\" data-id=\"ba8943e\" data-element_type=\"widget\" data-e-type=\"widget\" data-settings=\"{&quot;_animation&quot;:&quot;fadeIn&quot;}\" data-widget_type=\"heading.default\">\n\t\t\t\t<div class=\"elementor-widget-container\">\n\t\t\t\t\t<h2 class=\"elementor-heading-title elementor-size-default\">Learn more<br> about tempLED GmbH<\/h2>\t\t\t\t<\/div>\n\t\t\t\t<\/div>\n\t\t\t\t<div class=\"elementor-element elementor-element-cb47251 elementor-align-center elementor-mobile-align-center elementor-widget elementor-widget-button\" data-id=\"cb47251\" data-element_type=\"widget\" data-e-type=\"widget\" data-widget_type=\"button.default\">\n\t\t\t\t<div class=\"elementor-widget-container\">\n\t\t\t\t\t\t\t\t\t<div class=\"elementor-button-wrapper\">\n\t\t\t\t\t<a class=\"elementor-button elementor-button-link elementor-size-xl elementor-animation-grow\" href=\"https:\/\/templed.de\/en\/about-us\/\">\n\t\t\t\t\t\t<span class=\"elementor-button-content-wrapper\">\n\t\t\t\t\t\t<span class=\"elementor-button-icon\">\n\t\t\t\t<i aria-hidden=\"true\" class=\"fas fa-chevron-right\"><\/i>\t\t\t<\/span>\n\t\t\t\t\t\t\t\t\t<span class=\"elementor-button-text\">About Us<\/span>\n\t\t\t\t\t<\/span>\n\t\t\t\t\t<\/a>\n\t\t\t\t<\/div>\n\t\t\t\t\t\t\t\t<\/div>\n\t\t\t\t<\/div>\n\t\t\t\t\t<\/div>\n\t\t<\/div>\n\t\t\t\t\t<\/div>\n\t\t<\/section>\n\t\t\t\t<\/div>\n\t\t","protected":false},"excerpt":{"rendered":"<p>Imprint Information pursuant to Sect. 5 German Telemedia Act (TMG) tempLED GmbHKaiserreich Stra\u00dfe 483088 Kiefersfelden Commercial Register: HRB 25179Registration court: Handelsregister Traunstein B Represented by: Gesch\u00e4ftsf\u00fchrer: Anton Huber, MSc | Anton M. Huber, MSc | Matthias HaberzettlProkurist: David Semen, MSc Contact Phone: +49.8033.3025-710Telefax: +49.8033.3025-711E-mail: &#105;&#x6e;&#x66;o&#64;&#x74;e&#109;&#x70;l&#101;&#x64;&#46;&#100;&#x65; VAT ID Sales tax identification number according to Sect. 27 [&hellip;]<\/p>\n","protected":false},"author":1,"featured_media":0,"parent":0,"menu_order":0,"comment_status":"closed","ping_status":"closed","template":"","meta":{"site-sidebar-layout":"no-sidebar","site-content-layout":"page-builder","ast-site-content-layout":"default","site-content-style":"default","site-sidebar-style":"default","ast-global-header-display":"","ast-banner-title-visibility":"","ast-main-header-display":"","ast-hfb-above-header-display":"","ast-hfb-below-header-display":"","ast-hfb-mobile-header-display":"","site-post-title":"disabled","ast-breadcrumbs-content":"","ast-featured-img":"disabled","footer-sml-layout":"","ast-disable-related-posts":"","theme-transparent-header-meta":"default","adv-header-id-meta":"","stick-header-meta":"default","header-above-stick-meta":"","header-main-stick-meta":"","header-below-stick-meta":"","astra-migrate-meta-layouts":"default","ast-page-background-enabled":"default","ast-page-background-meta":{"desktop":{"background-color":"","background-image":"","background-repeat":"repeat","background-position":"center center","background-size":"auto","background-attachment":"scroll","background-type":"","background-media":"","overlay-type":"","overlay-color":"","overlay-opacity":"","overlay-gradient":""},"tablet":{"background-color":"","background-image":"","background-repeat":"repeat","background-position":"center center","background-size":"auto","background-attachment":"scroll","background-type":"","background-media":"","overlay-type":"","overlay-color":"","overlay-opacity":"","overlay-gradient":""},"mobile":{"background-color":"","background-image":"","background-repeat":"repeat","background-position":"center center","background-size":"auto","background-attachment":"scroll","background-type":"","background-media":"","overlay-type":"","overlay-color":"","overlay-opacity":"","overlay-gradient":""}},"ast-content-background-meta":{"desktop":{"background-color":"var(--ast-global-color-5)","background-image":"","background-repeat":"repeat","background-position":"center center","background-size":"auto","background-attachment":"scroll","background-type":"","background-media":"","overlay-type":"","overlay-color":"","overlay-opacity":"","overlay-gradient":""},"tablet":{"background-color":"var(--ast-global-color-5)","background-image":"","background-repeat":"repeat","background-position":"center center","background-size":"auto","background-attachment":"scroll","background-type":"","background-media":"","overlay-type":"","overlay-color":"","overlay-opacity":"","overlay-gradient":""},"mobile":{"background-color":"var(--ast-global-color-5)","background-image":"","background-repeat":"repeat","background-position":"center center","background-size":"auto","background-attachment":"scroll","background-type":"","background-media":"","overlay-type":"","overlay-color":"","overlay-opacity":"","overlay-gradient":""}},"footnotes":""},"class_list":["post-24055","page","type-page","status-publish","hentry"],"yoast_head":"<!-- This site is optimized with the Yoast SEO plugin v27.1.1 - https:\/\/yoast.com\/product\/yoast-seo-wordpress\/ -->\n<title>Imprint | tempLED GmbH | Ihr Experte f\u00fcr Industriebeleuchtung<\/title>\n<meta name=\"robots\" content=\"index, follow, max-snippet:-1, max-image-preview:large, max-video-preview:-1\" \/>\n<link rel=\"canonical\" href=\"https:\/\/templed.de\/en\/imprint\/\" \/>\n<meta property=\"og:locale\" content=\"en_US\" \/>\n<meta property=\"og:type\" content=\"article\" \/>\n<meta property=\"og:title\" content=\"Imprint | tempLED GmbH | Ihr Experte f\u00fcr Industriebeleuchtung\" \/>\n<meta property=\"og:description\" content=\"Imprint Information pursuant to Sect. 5 German Telemedia Act (TMG) tempLED GmbHKaiserreich Stra\u00dfe 483088 Kiefersfelden Commercial Register: HRB 25179Registration court: Handelsregister Traunstein B Represented by: Gesch\u00e4ftsf\u00fchrer: Anton Huber, MSc | Anton M. Huber, MSc | Matthias HaberzettlProkurist: David Semen, MSc Contact Phone: +49.8033.3025-710Telefax: +49.8033.3025-711E-mail: &#x69;&#x6e;&#102;&#111;&#064;t&#x65;&#x6d;&#x70;&#108;&#101;d&#046;&#x64;&#x65; VAT ID Sales tax identification number according to Sect. 27 [&hellip;]\" \/>\n<meta property=\"og:url\" content=\"https:\/\/templed.de\/en\/imprint\/\" \/>\n<meta property=\"og:site_name\" content=\"tempLED GmbH | Ihr Experte f\u00fcr Industriebeleuchtung\" \/>\n<meta property=\"article:publisher\" content=\"https:\/\/www.facebook.com\/templed.de\" \/>\n<meta property=\"article:modified_time\" content=\"2024-06-04T07:54:15+00:00\" \/>\n<meta name=\"twitter:card\" content=\"summary_large_image\" \/>\n<!-- \/ Yoast SEO plugin. -->","yoast_head_json":{"title":"Imprint | tempLED GmbH | Ihr Experte f\u00fcr Industriebeleuchtung","robots":{"index":"index","follow":"follow","max-snippet":"max-snippet:-1","max-image-preview":"max-image-preview:large","max-video-preview":"max-video-preview:-1"},"canonical":"https:\/\/templed.de\/en\/imprint\/","og_locale":"en_US","og_type":"article","og_title":"Imprint | tempLED GmbH | Ihr Experte f\u00fcr Industriebeleuchtung","og_description":"Imprint Information pursuant to Sect. 5 German Telemedia Act (TMG) tempLED GmbHKaiserreich Stra\u00dfe 483088 Kiefersfelden Commercial Register: HRB 25179Registration court: Handelsregister Traunstein B Represented by: Gesch\u00e4ftsf\u00fchrer: Anton Huber, MSc | Anton M. Huber, MSc | Matthias HaberzettlProkurist: David Semen, MSc Contact Phone: +49.8033.3025-710Telefax: +49.8033.3025-711E-mail: &#x69;&#110;&#102;o&#x40;&#x74;&#101;m&#x70;&#x6c;&#101;d&#46;&#x64;&#101; VAT ID Sales tax identification number according to Sect. 27 [&hellip;]","og_url":"https:\/\/templed.de\/en\/imprint\/","og_site_name":"tempLED GmbH | Ihr Experte f\u00fcr Industriebeleuchtung","article_publisher":"https:\/\/www.facebook.com\/templed.de","article_modified_time":"2024-06-04T07:54:15+00:00","twitter_card":"summary_large_image","schema":{"@context":"https:\/\/schema.org","@graph":[{"@type":"WebPage","@id":"https:\/\/templed.de\/en\/imprint\/","url":"https:\/\/templed.de\/en\/imprint\/","name":"Imprint | tempLED GmbH | Ihr Experte f\u00fcr Industriebeleuchtung","isPartOf":{"@id":"https:\/\/templed.de\/en\/#website"},"datePublished":"2020-12-10T09:23:50+00:00","dateModified":"2024-06-04T07:54:15+00:00","breadcrumb":{"@id":"https:\/\/templed.de\/en\/imprint\/#breadcrumb"},"inLanguage":"en-US","potentialAction":[{"@type":"ReadAction","target":["https:\/\/templed.de\/en\/imprint\/"]}]},{"@type":"BreadcrumbList","@id":"https:\/\/templed.de\/en\/imprint\/#breadcrumb","itemListElement":[{"@type":"ListItem","position":1,"name":"Startseite","item":"https:\/\/templed.de\/en\/home-2\/"},{"@type":"ListItem","position":2,"name":"Imprint"}]},{"@type":"WebSite","@id":"https:\/\/templed.de\/en\/#website","url":"https:\/\/templed.de\/en\/","name":"tempLED GmbH | Ihr Experte f\u00fcr Industriebeleuchtung","description":"","publisher":{"@id":"https:\/\/templed.de\/en\/#organization"},"potentialAction":[{"@type":"SearchAction","target":{"@type":"EntryPoint","urlTemplate":"https:\/\/templed.de\/en\/?s={search_term_string}"},"query-input":{"@type":"PropertyValueSpecification","valueRequired":true,"valueName":"search_term_string"}}],"inLanguage":"en-US"},{"@type":"Organization","@id":"https:\/\/templed.de\/en\/#organization","name":"tempLED GmbH","url":"https:\/\/templed.de\/en\/","logo":{"@type":"ImageObject","inLanguage":"en-US","@id":"https:\/\/templed.de\/en\/#\/schema\/logo\/image\/","url":"https:\/\/templed.de\/wp-content\/uploads\/2021\/04\/Logo-templed-white-bg2_1x1.jpg","contentUrl":"https:\/\/templed.de\/wp-content\/uploads\/2021\/04\/Logo-templed-white-bg2_1x1.jpg","width":522,"height":522,"caption":"tempLED GmbH"},"image":{"@id":"https:\/\/templed.de\/en\/#\/schema\/logo\/image\/"},"sameAs":["https:\/\/www.facebook.com\/templed.de","https:\/\/www.linkedin.com\/company\/templed\/","https:\/\/www.youtube.com\/channel\/UCmoQ46giUmWc9-um4_GSYcQ"]}]}},"_links":{"self":[{"href":"https:\/\/templed.de\/en\/wp-json\/wp\/v2\/pages\/24055","targetHints":{"allow":["GET"]}}],"collection":[{"href":"https:\/\/templed.de\/en\/wp-json\/wp\/v2\/pages"}],"about":[{"href":"https:\/\/templed.de\/en\/wp-json\/wp\/v2\/types\/page"}],"author":[{"embeddable":true,"href":"https:\/\/templed.de\/en\/wp-json\/wp\/v2\/users\/1"}],"replies":[{"embeddable":true,"href":"https:\/\/templed.de\/en\/wp-json\/wp\/v2\/comments?post=24055"}],"version-history":[{"count":10,"href":"https:\/\/templed.de\/en\/wp-json\/wp\/v2\/pages\/24055\/revisions"}],"predecessor-version":[{"id":41436,"href":"https:\/\/templed.de\/en\/wp-json\/wp\/v2\/pages\/24055\/revisions\/41436"}],"wp:attachment":[{"href":"https:\/\/templed.de\/en\/wp-json\/wp\/v2\/media?parent=24055"}],"curies":[{"name":"wp","href":"https:\/\/api.w.org\/{rel}","templated":true}]}}